{"id":598,"date":"2023-10-05T10:26:12","date_gmt":"2023-10-05T08:26:12","guid":{"rendered":"https:\/\/dekoot.com\/politica-de-privacidade\/"},"modified":"2024-02-11T19:13:28","modified_gmt":"2024-02-11T18:13:28","slug":"politica-de-privacidade","status":"publish","type":"page","link":"https:\/\/dekoot.com\/pt-pt\/politica-de-privacidade\/","title":{"rendered":"Pol\u00edtica de privacidade"},"content":{"rendered":"\n<p>A sua privacidade \u00e9 importante para n\u00f3s. Esta declara\u00e7\u00e3o de privacidade explica quais os dados pessoais que recolhemos dos nossos utilizadores e como os utilizamos. Aconselhamos o utilizador a ler atentamente estas condi\u00e7\u00f5es antes de fornecer os seus dados pessoais neste s\u00edtio Web. As pessoas com mais de treze anos de idade podem registar-se como utilizadores do site dekoot.com sem o consentimento pr\u00e9vio dos seus pais ou tutores.<\/p>\n\n<p>Este s\u00edtio Web cumpre os requisitos da Lei Org\u00e2nica 3\/2018, de 5 de dezembro, relativa \u00e0 prote\u00e7\u00e3o dos dados pessoais e \u00e0 garantia dos direitos digitais. Est\u00e1 tamb\u00e9m em conformidade com o Regulamento (UE) 2016\/679 do Parlamento Europeu e do Conselho, de 27 de abril de 2016, relativo \u00e0 prote\u00e7\u00e3o das pessoas singulares (RGPD), bem como com a Lei 34\/2002, de 11 de julho, relativa aos servi\u00e7os da sociedade da informa\u00e7\u00e3o e do com\u00e9rcio eletr\u00f3nico (LSSICE ou LSSI).<\/p>\n\n<h2 class=\"wp-block-heading\">Respons\u00e1vel pelo tratamento dos seus dados pessoais<\/h2>\n\n<p>Para efeitos das disposi\u00e7\u00f5es do Regulamento Geral sobre a Prote\u00e7\u00e3o de Dados acima referido, os dados pessoais que nos enviar atrav\u00e9s dos formul\u00e1rios do s\u00edtio Web ser\u00e3o tratados como dados de &#8220;utilizadores e assinantes do s\u00edtio Web&#8221;.<\/p>\n\n<p>Para o tratamento dos dados dos nossos utilizadores, aplicamos todas as medidas de seguran\u00e7a t\u00e9cnicas e organizativas estabelecidas na legisla\u00e7\u00e3o em vigor.<\/p>\n\n<h2 class=\"wp-block-heading\">Com que finalidade tratamos os seus dados pessoais?<\/h2>\n\n<p>Quando um utilizador se liga a este s\u00edtio Web, por exemplo para comentar uma publica\u00e7\u00e3o, enviar uma mensagem de correio eletr\u00f3nico ao propriet\u00e1rio, subscrever ou celebrar um contrato, est\u00e1 a fornecer informa\u00e7\u00f5es pessoais pelas quais a dekoot.com.pt \u00e9 respons\u00e1vel. Estas informa\u00e7\u00f5es podem incluir informa\u00e7\u00f5es pessoais, tais como o seu endere\u00e7o IP, nome, endere\u00e7o f\u00edsico, endere\u00e7o de correio eletr\u00f3nico, n\u00famero de telefone e outras informa\u00e7\u00f5es. Ao fornecer estas informa\u00e7\u00f5es, o utilizador consente na recolha, utiliza\u00e7\u00e3o, gest\u00e3o e armazenamento das suas informa\u00e7\u00f5es pelo dekoot.com, apenas como descrito no Aviso Legal e nesta <strong>Pol\u00edtica de Privacidade<\/strong>.<\/p>\n\n<p>Em dekoot.com existem diferentes sistemas de recolha de informa\u00e7\u00f5es pessoais e processamos as informa\u00e7\u00f5es fornecidas pelas partes interessadas para cumprir os objectivos expressos em cada formul\u00e1rio.<\/p>\n\n<h2 class=\"wp-block-heading\">Quais s\u00e3o os seus direitos quando nos fornece os seus dados?<\/h2>\n\n<p>Qualquer pessoa tem o direito de obter confirma\u00e7\u00e3o sobre se a dekoot.com est\u00e1 ou n\u00e3o a processar dados pessoais que lhe digam respeito.<\/p>\n\n<p>As pessoas interessadas t\u00eam o direito de:<\/p>\n\n<ul class=\"wp-block-list\">\n<li>Solicitar o acesso aos dados pessoais relativos \u00e0 pessoa em causa<\/li>\n\n\n\n<li>Solicitar a sua retifica\u00e7\u00e3o ou apagamento<\/li>\n\n\n\n<li>Pedido de cancelamento<\/li>\n\n\n\n<li>Solicitar a limita\u00e7\u00e3o do seu tratamento<\/li>\n\n\n\n<li>Opor-se ao tratamento<\/li>\n\n\n\n<li>Solicitar a portabilidade dos dados<\/li>\n<\/ul>\n\n<p>Se tiver dado o seu consentimento para um determinado fim, tem o direito de o retirar em qualquer altura, sem que isso afecte a legalidade do tratamento efectuado com base no seu consentimento anterior \u00e0 retirada.<\/p>\n\n<p>Caso considere que os seus direitos relativos \u00e0 prote\u00e7\u00e3o dos seus dados pessoais foram violados, especialmente quando n\u00e3o obteve satisfa\u00e7\u00e3o no exerc\u00edcio dos seus direitos, pode apresentar uma queixa \u00e0 Autoridade de Controlo da Prote\u00e7\u00e3o de Dados competente atrav\u00e9s do seu s\u00edtio Web: <a href=\"https:\/\/www.aepd.es\/\" target=\"_blank\" rel=\"noreferrer noopener nofollow\">www.agpd.es<\/a>.<\/p>\n\n<p>Para exercer estes direitos, pode escrever para dekoot.com utilizando o formul\u00e1rio de contacto.<\/p>\n\n<h2 class=\"wp-block-heading\">Existem outras finalidades para as quais processamos os seus dados pessoais.<\/h2>\n\n<ul class=\"wp-block-list\">\n<li>Para garantir a conformidade com os termos de utiliza\u00e7\u00e3o e a legisla\u00e7\u00e3o aplic\u00e1vel. Isto pode incluir o desenvolvimento de ferramentas e algoritmos que ajudem este s\u00edtio Web a garantir a confidencialidade dos dados pessoais que recolhe.<\/li>\n\n\n\n<li>Para apoiar e melhorar os servi\u00e7os oferecidos por este s\u00edtio Web.<\/li>\n\n\n\n<li>Outros dados n\u00e3o identific\u00e1veis s\u00e3o tamb\u00e9m recolhidos e obtidos atrav\u00e9s de alguns cookies que s\u00e3o descarregados para o computador do utilizador ao navegar neste s\u00edtio Web, os quais s\u00e3o detalhados na <a href=\"http:\/\/politica-de-cookies\/\" rel=\"nofollow\">pol\u00edtica de cookies<\/a>.<\/li>\n\n\n\n<li>Gerir as redes sociais. O site dekoot.com pode estar presente nas redes sociais. O tratamento dos dados das pessoas que se tornam seguidores nas redes sociais das p\u00e1ginas oficiais de dekoot.com ser\u00e1 regido por esta sec\u00e7\u00e3o. Assim como pelas condi\u00e7\u00f5es de utiliza\u00e7\u00e3o, pol\u00edticas de privacidade e regulamentos de acesso que pertencem \u00e0 rede social em cada caso e previamente aceites pelo utilizador de dekoot.com. Os seus dados ser\u00e3o tratados com a finalidade de gerir corretamente a sua presen\u00e7a na rede social, informando-o das actividades, produtos ou servi\u00e7os de dekoot.com. Bem como para qualquer outro fim que os regulamentos das redes sociais permitam. Em caso algum utilizaremos os perfis dos seguidores nas redes sociais para enviar publicidade numa base individual.<\/li>\n<\/ul>\n\n<p>A dekoot.com n\u00e3o vende, aluga ou transfere dados pessoais que possam identificar o utilizador, nem o far\u00e1 no futuro, a terceiros sem consentimento pr\u00e9vio. No entanto, em alguns casos, podem ocorrer colabora\u00e7\u00f5es com outros profissionais, caso em que ser\u00e1 solicitado o consentimento dos utilizadores, informando-os da identidade do colaborador e do objetivo da colabora\u00e7\u00e3o. Ser\u00e1 sempre efectuada de acordo com as mais elevadas normas de seguran\u00e7a.<\/p>\n\n<h2 class=\"wp-block-heading\">Google Adwords<\/h2>\n\n<p>O Adwords \u00e9 uma plataforma da Google para os anunciantes que pretendem fazer publicidade no GOOGLE.<\/p>\n\n<p>Em dekoot.com utilizamos o Google Adwords, a plataforma de publicidade da Google, que nos permite criar campanhas e an\u00fancios para apresentar em s\u00edtios Web de terceiros. Ao gerar um an\u00fancio, pode segmentar o seu p\u00fablico por:<\/p>\n\n<ul class=\"wp-block-list\">\n<li>Local<\/li>\n\n\n\n<li>Dados demogr\u00e1ficos (idade, sexo, etc.)<\/li>\n\n\n\n<li>Interesses (actividades, passatempos, etc.)<\/li>\n\n\n\n<li>O que compram na Internet e noutros canais<\/li>\n\n\n\n<li>Etc.<\/li>\n<\/ul>\n\n<p>Os dados obtidos atrav\u00e9s do Google Adwords est\u00e3o sujeitos a esta pol\u00edtica de privacidade a partir do momento em que o utilizador deixa os seus dados no formul\u00e1rio deste s\u00edtio Web para aderir \u00e0 subscri\u00e7\u00e3o da newsletter. Em nenhuma circunst\u00e2ncia as informa\u00e7\u00f5es do Google ser\u00e3o utilizadas para qualquer outro fim.<\/p>\n\n<h2 class=\"wp-block-heading\">Notifica\u00e7\u00e3o e declara\u00e7\u00e3o de infra\u00e7\u00e3o<\/h2>\n\n<p>No dekoot.com tomamos medidas de seguran\u00e7a adequadas ao n\u00edvel de risco para proteger as informa\u00e7\u00f5es pessoais contra perda, uso indevido e acesso n\u00e3o autorizado, divulga\u00e7\u00e3o, altera\u00e7\u00e3o e destrui\u00e7\u00e3o, tendo em conta os riscos envolvidos no processamento e a natureza das informa\u00e7\u00f5es pessoais, no entanto, se o dekoot.com determinar que os dados do seu servi\u00e7o foram apropriados indevidamente (inclusive por um funcion\u00e1rio da dekoot.com), expostos por uma viola\u00e7\u00e3o de seguran\u00e7a ou adquiridos indevidamente por terceiros, a dekoot.com notificar\u00e1 imediatamente o usu\u00e1rio sobre tal viola\u00e7\u00e3o de seguran\u00e7a, apropria\u00e7\u00e3o indevida ou aquisi\u00e7\u00e3o;<\/p>\n\n<h2 class=\"wp-block-heading\">Durante quanto tempo conservaremos os seus dados?<\/h2>\n\n<p>As informa\u00e7\u00f5es recolhidas junto da pessoa em causa ser\u00e3o conservadas durante o tempo necess\u00e1rio para cumprir a finalidade para a qual os dados pessoais foram recolhidos, pelo que, uma vez cumprida a finalidade, os dados ser\u00e3o cancelados. O referido cancelamento dar\u00e1 lugar ao bloqueio dos dados, que apenas ser\u00e3o mantidos \u00e0 disposi\u00e7\u00e3o das Administra\u00e7\u00f5es P\u00fablicas, Ju\u00edzes e Tribunais, para atender a poss\u00edveis responsabilidades decorrentes do tratamento, durante o per\u00edodo de prescri\u00e7\u00e3o destes \u00faltimos, ap\u00f3s o que a informa\u00e7\u00e3o ser\u00e1 destru\u00edda.<\/p>\n\n<p>A t\u00edtulo informativo, a dura\u00e7\u00e3o prevista \u00e9 de dois anos a contar da \u00faltima confirma\u00e7\u00e3o de interesse.<\/p>\n\n<h2 class=\"wp-block-heading\">A que destinat\u00e1rios ser\u00e3o comunicados os seus dados?<\/h2>\n\n<p>Em conformidade com as utiliza\u00e7\u00f5es das informa\u00e7\u00f5es pessoais, podemos divulgar as suas informa\u00e7\u00f5es pessoais a destinat\u00e1rios que nos ajudam a promover ou apoiar os nossos servi\u00e7os ou os servi\u00e7os dos nossos utilizadores (&#8220;fornecedores de servi\u00e7os&#8221;).<\/p>\n\n<p>Todos os prestadores de servi\u00e7os celebram um contrato com a dekoot.com que protege as informa\u00e7\u00f5es pessoais e restringe a utiliza\u00e7\u00e3o de quaisquer informa\u00e7\u00f5es pessoais em conformidade com esta pol\u00edtica.<\/p>\n\n<p>Os seus dados n\u00e3o ser\u00e3o transmitidos a terceiros, exceto se a isso for legalmente obrigado.<\/p>\n\n<p>Este s\u00edtio Web pode ser acedido ocasionalmente pela empresa de desenvolvimento e manuten\u00e7\u00e3o Web ou pela empresa de alojamento. Assinaram um contrato de presta\u00e7\u00e3o de servi\u00e7os que os obriga a manter o mesmo n\u00edvel de privacidade que aplicamos ao nosso tratamento.<\/p>\n\n<p>Informamos que qualquer transfer\u00eancia internacional de dados resultante da utiliza\u00e7\u00e3o de ferramentas ou prestadores de servi\u00e7os ser\u00e1 efectuada ao abrigo do acordo Privacy Shield, que garante que as empresas de software americanas cumprem as pol\u00edticas europeias de prote\u00e7\u00e3o de dados em mat\u00e9ria de privacidade. Sigilo e seguran\u00e7a dos dados.<\/p>\n\n<h2 class=\"wp-block-heading\">Altera\u00e7\u00f5es \u00e0 pol\u00edtica de privacidade<\/h2>\n\n<p>A dekoot.com reserva-se o direito de modificar a presente pol\u00edtica a fim de a adaptar \u00e0 nova legisla\u00e7\u00e3o ou jurisprud\u00eancia, bem como \u00e0s pr\u00e1ticas do sector. Nesses casos, anunciar\u00e1 nesta p\u00e1gina as altera\u00e7\u00f5es introduzidas com uma anteced\u00eancia razo\u00e1vel em rela\u00e7\u00e3o \u00e0 sua aplica\u00e7\u00e3o.<\/p>\n\n<h2 class=\"wp-block-heading\">Navega\u00e7\u00e3o<\/h2>\n\n<p>Ao navegar no dekoot.com, podem ser recolhidos dados n\u00e3o identific\u00e1veis, que podem incluir endere\u00e7os IP, localiza\u00e7\u00e3o geogr\u00e1fica (aproximadamente), um registo da forma como os nossos servi\u00e7os e sites s\u00e3o utilizados e outros dados que n\u00e3o podem ser utilizados para identificar o utilizador. Os dados n\u00e3o identific\u00e1veis tamb\u00e9m incluem dados relacionados com os seus h\u00e1bitos de navega\u00e7\u00e3o atrav\u00e9s de servi\u00e7os de terceiros. Este s\u00edtio Web utiliza os seguintes servi\u00e7os de an\u00e1lise de terceiros:<\/p>\n\n<ul class=\"wp-block-list\">\n<li>Google Analytics<\/li>\n<\/ul>\n\n<p>Utilizamos estas informa\u00e7\u00f5es para analisar tend\u00eancias, administrar o site, seguir os movimentos dos utilizadores no site e recolher informa\u00e7\u00f5es demogr\u00e1ficas sobre a nossa base de utilizadores como um todo.<\/p>\n\n<h2 class=\"wp-block-heading\">Sigilo e seguran\u00e7a dos dados<\/h2>\n\n<p>dekoot.com compromete-se a utilizar e tratar os dados pessoais dos utilizadores, respeitando a sua confidencialidade e a utiliz\u00e1-los de acordo com a finalidade dos mesmos, bem como a cumprir a sua obriga\u00e7\u00e3o de os guardar e a adotar todas as medidas para evitar a altera\u00e7\u00e3o, perda, tratamento ou acesso n\u00e3o autorizado, de acordo com o estabelecido na normativa vigente em mat\u00e9ria de prote\u00e7\u00e3o de dados.<\/p>\n\n<p>Este s\u00edtio Web inclui um certificado SSL. Trata-se de um protocolo de seguran\u00e7a que faz com que os seus dados circulem de forma integral e segura, ou seja, a transmiss\u00e3o de dados entre um servidor e um utilizador da Web, e em retorno, \u00e9 totalmente cifrada ou encriptada. A dekoot.com n\u00e3o pode garantir a impregnabilidade absoluta da rede da Internet e, por conseguinte, a viola\u00e7\u00e3o dos dados atrav\u00e9s do acesso fraudulento a eles por terceiros.<br\/>No que diz respeito \u00e0 confidencialidade do tratamento, a dekoot.com assegurar\u00e1 que qualquer pessoa autorizada pela dekoot.com a tratar os dados do cliente (incluindo o seu pessoal, colaboradores e prestadores de servi\u00e7os) esteja sujeita a uma obriga\u00e7\u00e3o de confidencialidade adequada (quer se trate de uma obriga\u00e7\u00e3o contratual ou legal).<\/p>\n\n<p>Ao tomar conhecimento de qualquer Incidente de Seguran\u00e7a, a dekoot.com notificar\u00e1 o Cliente sem atrasos indevidos e fornecer\u00e1 informa\u00e7\u00f5es oportunas relacionadas ao Incidente de Seguran\u00e7a \u00e0 medida que se tornar conhecido ou conforme razoavelmente solicitado pelo Cliente.<\/p>\n\n<h2 class=\"wp-block-heading\">Revogabilidade<\/h2>\n\n<p>O consentimento dado, tanto para o processamento como para a transfer\u00eancia dos dados das partes interessadas, pode ser revogado a qualquer momento, comunicando-o \u00e0 dekoot.com nos termos estabelecidos nesta Pol\u00edtica para o exerc\u00edcio dos direitos ARCO. Esta revoga\u00e7\u00e3o n\u00e3o ter\u00e1, em caso algum, efeitos retroactivos.<\/p>\n\n<h2 class=\"wp-block-heading\">Aceita\u00e7\u00e3o e consentimento<\/h2>\n\n<p>O utilizador declara ter sido informado das condi\u00e7\u00f5es de prote\u00e7\u00e3o dos dados pessoais, aceitando e consentindo o tratamento dos mesmos pela dekoot.com na forma e para os fins indicados na presente pol\u00edtica de privacidade.<\/p>\n\n<h2 class=\"wp-block-heading\">Correio comercial<\/h2>\n\n<p>De acordo com a LSSICE, dekoot.com n\u00e3o realiza pr\u00e1ticas de SPAM e, portanto, n\u00e3o envia e-mails comerciais por meios electr\u00f3nicos que n\u00e3o tenham sido previamente solicitados ou autorizados pelo utilizador. Por conseguinte, em cada um dos formul\u00e1rios do s\u00edtio Web, o utilizador tem a possibilidade de dar o seu consentimento expresso para receber a newsletter, independentemente das informa\u00e7\u00f5es comerciais solicitadas.<\/p>\n\n<p>Em conformidade com o disposto na Lei 34\/2002 de Servi\u00e7os da Sociedade da Informa\u00e7\u00e3o e Com\u00e9rcio Eletr\u00f3nico, dekoot.com compromete-se a n\u00e3o enviar comunica\u00e7\u00f5es comerciais sem as identificar devidamente.<\/p>\n\n<h2 class=\"wp-block-heading\">Perguntas ou d\u00favidas sobre esta pol\u00edtica ou os seus direitos<\/h2>\n\n<p>Se tiver quaisquer perguntas ou coment\u00e1rios sobre esta pol\u00edtica, ou se tiver quaisquer preocupa\u00e7\u00f5es sobre a forma como as informa\u00e7\u00f5es pessoais que nos forneceu foram tratadas, pode contactar-nos por correio ou atrav\u00e9s do formul\u00e1rio de contacto neste s\u00edtio Web.<\/p>\n","protected":false},"excerpt":{"rendered":"<p>A sua privacidade \u00e9 importante para n\u00f3s. Esta declara\u00e7\u00e3o de privacidade explica quais os dados pessoais que recolhemos dos nossos utilizadores e como os utilizamos. Aconselhamos o utilizador a ler atentamente estas condi\u00e7\u00f5es antes de fornecer os seus dados pessoais neste s\u00edtio Web. As pessoas com mais de treze anos de idade podem registar-se como [&hellip;]<\/p>\n","protected":false},"author":1,"featured_media":0,"parent":0,"menu_order":0,"comment_status":"closed","ping_status":"open","template":"","meta":{"ocean_post_layout":"","ocean_both_sidebars_style":"","ocean_both_sidebars_content_width":0,"ocean_both_sidebars_sidebars_width":0,"ocean_sidebar":"","ocean_second_sidebar":"","ocean_disable_margins":"enable","ocean_add_body_class":"","ocean_shortcode_before_top_bar":"","ocean_shortcode_after_top_bar":"","ocean_shortcode_before_header":"","ocean_shortcode_after_header":"","ocean_has_shortcode":"","ocean_shortcode_after_title":"","ocean_shortcode_before_footer_widgets":"","ocean_shortcode_after_footer_widgets":"","ocean_shortcode_before_footer_bottom":"","ocean_shortcode_after_footer_bottom":"","ocean_display_top_bar":"default","ocean_display_header":"default","ocean_header_style":"","ocean_center_header_left_menu":"","ocean_custom_header_template":"","ocean_custom_logo":0,"ocean_custom_retina_logo":0,"ocean_custom_logo_max_width":0,"ocean_custom_logo_tablet_max_width":0,"ocean_custom_logo_mobile_max_width":0,"ocean_custom_logo_max_height":0,"ocean_custom_logo_tablet_max_height":0,"ocean_custom_logo_mobile_max_height":0,"ocean_header_custom_menu":"","ocean_menu_typo_font_family":"","ocean_menu_typo_font_subset":"","ocean_menu_typo_font_size":0,"ocean_menu_typo_font_size_tablet":0,"ocean_menu_typo_font_size_mobile":0,"ocean_menu_typo_font_size_unit":"px","ocean_menu_typo_font_weight":"","ocean_menu_typo_font_weight_tablet":"","ocean_menu_typo_font_weight_mobile":"","ocean_menu_typo_transform":"","ocean_menu_typo_transform_tablet":"","ocean_menu_typo_transform_mobile":"","ocean_menu_typo_line_height":0,"ocean_menu_typo_line_height_tablet":0,"ocean_menu_typo_line_height_mobile":0,"ocean_menu_typo_line_height_unit":"","ocean_menu_typo_spacing":0,"ocean_menu_typo_spacing_tablet":0,"ocean_menu_typo_spacing_mobile":0,"ocean_menu_typo_spacing_unit":"","ocean_menu_link_color":"","ocean_menu_link_color_hover":"","ocean_menu_link_color_active":"","ocean_menu_link_background":"","ocean_menu_link_hover_background":"","ocean_menu_link_active_background":"","ocean_menu_social_links_bg":"","ocean_menu_social_hover_links_bg":"","ocean_menu_social_links_color":"","ocean_menu_social_hover_links_color":"","ocean_disable_title":"default","ocean_disable_heading":"default","ocean_post_title":"","ocean_post_subheading":"","ocean_post_title_style":"","ocean_post_title_background_color":"","ocean_post_title_background":0,"ocean_post_title_bg_image_position":"","ocean_post_title_bg_image_attachment":"","ocean_post_title_bg_image_repeat":"","ocean_post_title_bg_image_size":"","ocean_post_title_height":0,"ocean_post_title_bg_overlay":0.5,"ocean_post_title_bg_overlay_color":"","ocean_disable_breadcrumbs":"default","ocean_breadcrumbs_color":"","ocean_breadcrumbs_separator_color":"","ocean_breadcrumbs_links_color":"","ocean_breadcrumbs_links_hover_color":"","ocean_display_footer_widgets":"default","ocean_display_footer_bottom":"default","ocean_custom_footer_template":"","footnotes":""},"class_list":["post-598","page","type-page","status-publish","hentry","entry","owp-thumbs-layout-vertical","owp-btn-normal","owp-tabs-layout-vertical","has-no-thumbnails","has-product-nav"],"_links":{"self":[{"href":"https:\/\/dekoot.com\/pt-pt\/wp-json\/wp\/v2\/pages\/598","targetHints":{"allow":["GET"]}}],"collection":[{"href":"https:\/\/dekoot.com\/pt-pt\/wp-json\/wp\/v2\/pages"}],"about":[{"href":"https:\/\/dekoot.com\/pt-pt\/wp-json\/wp\/v2\/types\/page"}],"author":[{"embeddable":true,"href":"https:\/\/dekoot.com\/pt-pt\/wp-json\/wp\/v2\/users\/1"}],"replies":[{"embeddable":true,"href":"https:\/\/dekoot.com\/pt-pt\/wp-json\/wp\/v2\/comments?post=598"}],"version-history":[{"count":1,"href":"https:\/\/dekoot.com\/pt-pt\/wp-json\/wp\/v2\/pages\/598\/revisions"}],"predecessor-version":[{"id":599,"href":"https:\/\/dekoot.com\/pt-pt\/wp-json\/wp\/v2\/pages\/598\/revisions\/599"}],"wp:attachment":[{"href":"https:\/\/dekoot.com\/pt-pt\/wp-json\/wp\/v2\/media?parent=598"}],"curies":[{"name":"wp","href":"https:\/\/api.w.org\/{rel}","templated":true}]}}