{"id":596,"date":"2024-01-05T16:04:08","date_gmt":"2024-01-05T15:04:08","guid":{"rendered":"https:\/\/dekoot.com\/politica-de-cookies\/"},"modified":"2024-02-11T19:07:50","modified_gmt":"2024-02-11T18:07:50","slug":"politica-de-cookies","status":"publish","type":"page","link":"https:\/\/dekoot.com\/pt-pt\/politica-de-cookies\/","title":{"rendered":"Pol\u00edtica de cookies"},"content":{"rendered":"\n<p>Recolhemos e utilizamos as informa\u00e7\u00f5es neste s\u00edtio Web de acordo com a nossa pol\u00edtica de privacidade. Uma das formas de recolher informa\u00e7\u00f5es \u00e9 atrav\u00e9s da utiliza\u00e7\u00e3o da tecnologia denominada &#8220;cookies&#8221;. En [bloginfo info=&#8221;\u2019name\u2019&#8221;] utilizamos cookies para v\u00e1rias coisas.<\/p>\n\n<h2 class=\"wp-block-heading\">O que \u00e9 uma cookie?<\/h2>\n\n<p>Um &#8220;cookie&#8221; \u00e9 uma pequena quantidade de texto que \u00e9 armazenada no seu browser (como o Chrome da Google ou o Safari da Apple) quando navega na maioria dos s\u00edtios Web.<\/p>\n\n<h2 class=\"wp-block-heading\">O que \u00e9 que N\u00c3O \u00e9 uma cookie?<\/h2>\n\n<p>N\u00e3o \u00e9 um v\u00edrus, cavalo de Troia, worm, spam, spyware ou janelas pop-up.<\/p>\n\n<h2 class=\"wp-block-heading\">Que informa\u00e7\u00f5es \u00e9 que um cookie armazena?<\/h2>\n\n<p>Normalmente, os cookies n\u00e3o armazenam informa\u00e7\u00f5es sens\u00edveis sobre o utilizador, tais como dados banc\u00e1rios ou do cart\u00e3o de cr\u00e9dito, fotografias ou informa\u00e7\u00f5es pessoais, etc. Os dados que armazenam s\u00e3o de car\u00e1cter t\u00e9cnico, estat\u00edstico, prefer\u00eancias pessoais, personaliza\u00e7\u00e3o de conte\u00fados, etc.<\/p>\n\n<p>O servidor Web n\u00e3o o associa como pessoa, mas sim ao seu navegador Web. De facto, se costuma navegar com o navegador Chrome e tentar navegar no mesmo s\u00edtio Web com o navegador Firefox, ver\u00e1 que o s\u00edtio Web n\u00e3o se apercebe de que \u00e9 a mesma pessoa, porque est\u00e1 a associar as informa\u00e7\u00f5es ao navegador e n\u00e3o \u00e0 pessoa.<\/p>\n\n<h2 class=\"wp-block-heading\">Que tipos de cookies existem?<\/h2>\n\n<ul class=\"wp-block-list\">\n<li>Cookies t\u00e9cnicos: S\u00e3o os mais elementares e permitem, entre outras coisas, saber quando um humano ou uma aplica\u00e7\u00e3o automatizada est\u00e1 a navegar, quando um utilizador an\u00f3nimo e um utilizador registado est\u00e3o a navegar, tarefas b\u00e1sicas para o funcionamento de qualquer s\u00edtio Web din\u00e2mico.<\/li>\n\n\n\n<li>Cookies de an\u00e1lise: recolhem informa\u00e7\u00f5es sobre o tipo de navega\u00e7\u00e3o que o utilizador faz, as sec\u00e7\u00f5es que mais utiliza, os produtos consultados, o tempo de utiliza\u00e7\u00e3o, a l\u00edngua, etc.<\/li>\n\n\n\n<li>Cookies publicit\u00e1rios: Apresentam publicidade com base na sua navega\u00e7\u00e3o, no seu pa\u00eds de origem, na sua l\u00edngua, etc&#8230;<\/li>\n<\/ul>\n\n<h2 class=\"wp-block-heading\">Cookies aceites pelos regulamentos e cookies exclu\u00eddos<\/h2>\n\n<p>De acordo com a diretiva da UE, os cookies que exigem o consentimento informado do utilizador s\u00e3o os cookies anal\u00edticos e os cookies de publicidade e afilia\u00e7\u00e3o, com exce\u00e7\u00e3o dos cookies t\u00e9cnicos e dos necess\u00e1rios para o funcionamento do s\u00edtio Web ou para a presta\u00e7\u00e3o de servi\u00e7os expressamente solicitados pelo utilizador.<\/p>\n\n<h2 class=\"wp-block-heading\">Que cookies utiliza este s\u00edtio Web?<\/h2>\n\n<p>Este s\u00edtio Web utiliza cookies pr\u00f3prios e de terceiros. Neste s\u00edtio Web s\u00e3o utilizados os seguintes cookies:<\/p>\n\n<ul class=\"wp-block-list\">\n<li><strong>Personaliza\u00e7\u00e3o:<\/strong> Os cookies ajudam-nos a recordar com que pessoas ou s\u00edtios Web interagiu, para que possamos mostrar-lhe conte\u00fados relacionados.<\/li>\n\n\n\n<li><strong>Prefer\u00eancias:<\/strong> Os cookies permitem-nos recordar as suas defini\u00e7\u00f5es e prefer\u00eancias, tais como o seu idioma preferido e defini\u00e7\u00f5es de privacidade.<\/li>\n<\/ul>\n\n<h2 class=\"wp-block-heading\">Cookies de terceiros:<\/h2>\n\n<h3 class=\"wp-block-heading\">Cookies anal\u00edticos<\/h3>\n\n<p>Este s\u00edtio Web utiliza servi\u00e7os de an\u00e1lise, concretamente, o Google Analytics, para ajudar o s\u00edtio Web a analisar a utiliza\u00e7\u00e3o que os utilizadores fazem do s\u00edtio Web e melhorar a sua usabilidade, mas em nenhum caso est\u00e3o associados a dados que possam identificar o utilizador. O Google Analytics \u00e9 um servi\u00e7o de an\u00e1lise da Web fornecido pela Google, Inc. <a href=\"https:\/\/policies.google.com\/technologies\/types\" target=\"_blank\" rel=\"noreferrer noopener nofollow\">aqu\u00ed<\/a> o tipo de cookies utilizados pelo Google.<\/p>\n\n<h2 class=\"wp-block-heading\">M\u00f3dulo de cookies do AdWords<\/h2>\n\n<h3 class=\"wp-block-heading\">Cookies publicit\u00e1rios<\/h3>\n\n<p>Efectuamos remarketing utilizando <strong>Google AdWords<\/strong>, que utiliza cookies para nos ajudar a apresentar an\u00fancios online direccionados com base em visitas anteriores ao nosso Web site. <strong>A Google<\/strong> utiliza estas informa\u00e7\u00f5es para apresentar an\u00fancios em v\u00e1rios Web sites de terceiros na Internet. Estes cookies s\u00e3o definidos para expirar e n\u00e3o cont\u00eam informa\u00e7\u00f5es de identifica\u00e7\u00e3o pessoal. Por favor, dirija-se a <a href=\"https:\/\/policies.google.com\/technologies\/ads\" target=\"_blank\" rel=\"noreferrer noopener nofollow\">Publicidade &#8211; Privacidade e condi\u00e7\u00f5es do Google<\/a> para obter mais informa\u00e7\u00f5es.<\/p>\n\n<p>Efectuamos remarketing utilizando <strong>Facebook Ads<\/strong>, que utiliza cookies para nos ajudar a apresentar an\u00fancios online direccionados com base em visitas anteriores ao nosso Web site.<\/p>\n\n<p>En [bloginfo info=&#8221;\u2019name\u2019&#8221;] gerimos as nossas campanhas de publicidade atrav\u00e9s da ferramenta <strong>DoubleClick<\/strong> que nos permite recopilar toda a informa\u00e7\u00e3o sobre o nosso p\u00fablico de forma centralizada. <strong>DoubleClick<\/strong> usa os cookies para melhorar a publicidade. Os cookies s\u00e3o normalmente utilizados para direcionar an\u00fancios com base em conte\u00fados relevantes para um utilizador, melhorar os relat\u00f3rios de desempenho das campanhas e evitar mostrar an\u00fancios que o utilizador j\u00e1 viu.<\/p>\n\n<p><strong>DoubleClick<\/strong> utiliza ID de cookies para ter um registo de quais os an\u00fancios que foram mostrados em determinados navegadores. Quando coloca um an\u00fancio num browser, pode utilizar o ID do cookie desse browser para verificar que an\u00fancios j\u00e1 foram apresentados nesse browser espec\u00edfico. \u00c9 assim que se evita mostrar an\u00fancios que o utilizador j\u00e1 viu. Do mesmo modo, os ID dos cookies permitem que o <strong>DoubleClick<\/strong> regista convers\u00f5es relacionadas com pedidos de an\u00fancios, como quando um utilizador visualiza um <strong>DoubleClick<\/strong> e, mais tarde, utilizar o mesmo browser para visitar o Web site do anunciante e efetuar uma compra.<\/p>\n\n<p>Como utilizador da Internet, pode, a qualquer momento, proceder \u00e0 elimina\u00e7\u00e3o das informa\u00e7\u00f5es relativas aos seus h\u00e1bitos de navega\u00e7\u00e3o, bem como do respetivo perfil que gerou esses h\u00e1bitos, acedendo direta e gratuitamente a: <a href=\"https:\/\/www.google.com\/settings\/ads\/preferences?hl=es\" target=\"_blank\" rel=\"noreferrer noopener nofollow\">https:\/\/www.google.com\/settings\/ads\/preferences?hl=en<\/a>. Se um utilizador desativar esta fun\u00e7\u00e3o, o ID de cookie \u00fanico de <strong>DoubleClick<\/strong> no browser do utilizador \u00e9 substitu\u00eddo pela fase &#8220;OPT_OUT&#8221;. Uma vez que j\u00e1 n\u00e3o existe um ID de cookie \u00fanico, o cookie desativado n\u00e3o pode ser associado a um determinado navegador.<\/p>\n\n<h3 class=\"wp-block-heading\">Cookies de afilia\u00e7\u00e3o<\/h3>\n\n<p>Utilizamos plataformas de servi\u00e7os de afiliados que utilizam cookies do navegador para rastrear as vendas originadas neste s\u00edtio em programas de afiliados com os quais este s\u00edtio tem parceria.<\/p>\n\n<h2 class=\"wp-block-heading\">Os cookies podem ser eliminados?<\/h2>\n\n<p>Sim, e n\u00e3o s\u00f3 apagar, mas tamb\u00e9m bloquear, seja de forma geral ou para um dom\u00ednio espec\u00edfico.<\/p>\n\n<p>Para apagar os cookies de um s\u00edtio Web, deve ir \u00e0s defini\u00e7\u00f5es do seu navegador e a\u00ed pode procurar os que est\u00e3o associados ao dom\u00ednio em quest\u00e3o e apag\u00e1-los.<\/p>\n\n<ul class=\"wp-block-list\">\n<li>Configura\u00e7\u00e3o de cookies para <a href=\"https:\/\/support.google.com\/chrome\/answer\/95647\" target=\"_blank\" rel=\"noreferrer noopener nofollow\">Google Chrome<\/a><\/li>\n\n\n\n<li>Configura\u00e7\u00e3o de cookies para <a href=\"https:\/\/support.apple.com\/es-es\/HT201265\" target=\"_blank\" rel=\"noreferrer noopener nofollow\">Apple Safari<\/a><\/li>\n\n\n\n<li>Configura\u00e7\u00e3o de cookies para <a href=\"https:\/\/support.microsoft.com\/en-us\/help\/17442\/windows-internet-explorer-delete-manage-cookies\" target=\"_blank\" rel=\"noreferrer noopener nofollow\">Internet Explorer<\/a><\/li>\n\n\n\n<li>Configura\u00e7\u00e3o de cookies para <a href=\"https:\/\/support.mozilla.org\/es\/kb\/habilitar-y-deshabilitar-cookies-sitios-web-rastrear-preferencias?redirectlocale=es&amp;redirectslug=habilitar-y-deshabilitar-cookies-que-los-sitios-we\" target=\"_blank\" rel=\"noreferrer noopener nofollow\">Mozilla Firefox<\/a><\/li>\n<\/ul>\n\n<h2 class=\"wp-block-heading\">Aceita\u00e7\u00e3o de cookies<\/h2>\n\n<p>Se o utilizador continuar a navegar depois de ter sido informado sobre a nossa Pol\u00edtica de Cookies, entendemos que aceita a utiliza\u00e7\u00e3o de cookies.<\/p>\n\n<p>Quando aceder a este s\u00edtio Web ou aplica\u00e7\u00e3o pela primeira vez, ver\u00e1 um aviso que o informa da utiliza\u00e7\u00e3o de cookies e onde pode consultar esta pol\u00edtica de cookies. Se o utilizador consentir a utiliza\u00e7\u00e3o de cookies, continuar a navegar ou clicar em qualquer liga\u00e7\u00e3o, entender-se-\u00e1 que consentiu a nossa pol\u00edtica de cookies e, por conseguinte, a instala\u00e7\u00e3o de cookies no seu computador ou dispositivo.<\/p>\n\n<p>Para al\u00e9m da utiliza\u00e7\u00e3o dos nossos pr\u00f3prios cookies, permitimos que terceiros instalem e acedam a cookies no seu computador. O consentimento para a utiliza\u00e7\u00e3o de cookies destas empresas est\u00e1 associado \u00e0 navega\u00e7\u00e3o neste s\u00edtio Web.<\/p>\n\n<h2 class=\"wp-block-heading\">Mais informa\u00e7\u00f5es sobre cookies<\/h2>\n\n<p>Pode consultar o regulamento sobre cookies publicado pela Ag\u00eancia Espanhola de Prote\u00e7\u00e3o de Dados no seu &#8220;<a href=\"https:\/\/www.aepd.es\/portalwebAGPD\/canaldocumentacion\/publicaciones\/common\/Guias\/Guia_Cookies.pdf\" target=\"_blank\" rel=\"noreferrer noopener nofollow\">Guia sobre como utilizar cookies<\/a>&#8221; e saiba mais sobre cookies na Internet, <a href=\"https:\/\/www.aboutcookies.org\/\" target=\"_blank\" rel=\"noreferrer noopener nofollow\">https:\/\/www.aboutcookies.org\/<\/a><\/p>\n\n<p>Se desejar ter um maior controlo sobre a instala\u00e7\u00e3o de cookies, pode instalar programas ou complementos no seu browser, conhecidos como ferramentas &#8220;Do Not Track&#8221;, que lhe permitir\u00e3o escolher os cookies que deseja permitir.<\/p>\n","protected":false},"excerpt":{"rendered":"<p>Recolhemos e utilizamos as informa\u00e7\u00f5es neste s\u00edtio Web de acordo com a nossa pol\u00edtica de privacidade. Uma das formas de recolher informa\u00e7\u00f5es \u00e9 atrav\u00e9s da utiliza\u00e7\u00e3o da tecnologia denominada &#8220;cookies&#8221;. En [bloginfo info=&#8221;\u2019name\u2019&#8221;] utilizamos cookies para v\u00e1rias coisas. O que \u00e9 uma cookie? Um &#8220;cookie&#8221; \u00e9 uma pequena quantidade de texto que \u00e9 armazenada no [&hellip;]<\/p>\n","protected":false},"author":1,"featured_media":0,"parent":0,"menu_order":0,"comment_status":"closed","ping_status":"closed","template":"","meta":{"ocean_post_layout":"","ocean_both_sidebars_style":"","ocean_both_sidebars_content_width":0,"ocean_both_sidebars_sidebars_width":0,"ocean_sidebar":"","ocean_second_sidebar":"","ocean_disable_margins":"enable","ocean_add_body_class":"","ocean_shortcode_before_top_bar":"","ocean_shortcode_after_top_bar":"","ocean_shortcode_before_header":"","ocean_shortcode_after_header":"","ocean_has_shortcode":"","ocean_shortcode_after_title":"","ocean_shortcode_before_footer_widgets":"","ocean_shortcode_after_footer_widgets":"","ocean_shortcode_before_footer_bottom":"","ocean_shortcode_after_footer_bottom":"","ocean_display_top_bar":"default","ocean_display_header":"default","ocean_header_style":"","ocean_center_header_left_menu":"","ocean_custom_header_template":"","ocean_custom_logo":0,"ocean_custom_retina_logo":0,"ocean_custom_logo_max_width":0,"ocean_custom_logo_tablet_max_width":0,"ocean_custom_logo_mobile_max_width":0,"ocean_custom_logo_max_height":0,"ocean_custom_logo_tablet_max_height":0,"ocean_custom_logo_mobile_max_height":0,"ocean_header_custom_menu":"","ocean_menu_typo_font_family":"","ocean_menu_typo_font_subset":"","ocean_menu_typo_font_size":0,"ocean_menu_typo_font_size_tablet":0,"ocean_menu_typo_font_size_mobile":0,"ocean_menu_typo_font_size_unit":"px","ocean_menu_typo_font_weight":"","ocean_menu_typo_font_weight_tablet":"","ocean_menu_typo_font_weight_mobile":"","ocean_menu_typo_transform":"","ocean_menu_typo_transform_tablet":"","ocean_menu_typo_transform_mobile":"","ocean_menu_typo_line_height":0,"ocean_menu_typo_line_height_tablet":0,"ocean_menu_typo_line_height_mobile":0,"ocean_menu_typo_line_height_unit":"","ocean_menu_typo_spacing":0,"ocean_menu_typo_spacing_tablet":0,"ocean_menu_typo_spacing_mobile":0,"ocean_menu_typo_spacing_unit":"","ocean_menu_link_color":"","ocean_menu_link_color_hover":"","ocean_menu_link_color_active":"","ocean_menu_link_background":"","ocean_menu_link_hover_background":"","ocean_menu_link_active_background":"","ocean_menu_social_links_bg":"","ocean_menu_social_hover_links_bg":"","ocean_menu_social_links_color":"","ocean_menu_social_hover_links_color":"","ocean_disable_title":"default","ocean_disable_heading":"default","ocean_post_title":"","ocean_post_subheading":"","ocean_post_title_style":"","ocean_post_title_background_color":"","ocean_post_title_background":0,"ocean_post_title_bg_image_position":"","ocean_post_title_bg_image_attachment":"","ocean_post_title_bg_image_repeat":"","ocean_post_title_bg_image_size":"","ocean_post_title_height":0,"ocean_post_title_bg_overlay":0.5,"ocean_post_title_bg_overlay_color":"","ocean_disable_breadcrumbs":"default","ocean_breadcrumbs_color":"","ocean_breadcrumbs_separator_color":"","ocean_breadcrumbs_links_color":"","ocean_breadcrumbs_links_hover_color":"","ocean_display_footer_widgets":"default","ocean_display_footer_bottom":"default","ocean_custom_footer_template":"","footnotes":""},"class_list":["post-596","page","type-page","status-publish","hentry","entry","owp-thumbs-layout-vertical","owp-btn-normal","owp-tabs-layout-vertical","has-no-thumbnails","has-product-nav"],"_links":{"self":[{"href":"https:\/\/dekoot.com\/pt-pt\/wp-json\/wp\/v2\/pages\/596","targetHints":{"allow":["GET"]}}],"collection":[{"href":"https:\/\/dekoot.com\/pt-pt\/wp-json\/wp\/v2\/pages"}],"about":[{"href":"https:\/\/dekoot.com\/pt-pt\/wp-json\/wp\/v2\/types\/page"}],"author":[{"embeddable":true,"href":"https:\/\/dekoot.com\/pt-pt\/wp-json\/wp\/v2\/users\/1"}],"replies":[{"embeddable":true,"href":"https:\/\/dekoot.com\/pt-pt\/wp-json\/wp\/v2\/comments?post=596"}],"version-history":[{"count":1,"href":"https:\/\/dekoot.com\/pt-pt\/wp-json\/wp\/v2\/pages\/596\/revisions"}],"predecessor-version":[{"id":597,"href":"https:\/\/dekoot.com\/pt-pt\/wp-json\/wp\/v2\/pages\/596\/revisions\/597"}],"wp:attachment":[{"href":"https:\/\/dekoot.com\/pt-pt\/wp-json\/wp\/v2\/media?parent=596"}],"curies":[{"name":"wp","href":"https:\/\/api.w.org\/{rel}","templated":true}]}}