{"id":509,"date":"2024-01-05T11:58:51","date_gmt":"2024-01-05T10:58:51","guid":{"rendered":"https:\/\/dekoot.com\/quadros-de-picasso\/"},"modified":"2024-02-11T18:44:30","modified_gmt":"2024-02-11T17:44:30","slug":"quadros-de-picasso","status":"publish","type":"page","link":"https:\/\/dekoot.com\/pt-pt\/quadros-de-picasso\/","title":{"rendered":"Quadros de Picasso"},"content":{"rendered":"<style>.kb-row-layout-wrap.wp-block-kadence-rowlayout.kb-row-layout-id58_32b882-f8{margin-bottom:80px;}.kb-row-layout-id58_32b882-f8 > .kt-row-column-wrap{align-content:start;}:where(.kb-row-layout-id58_32b882-f8 > .kt-row-column-wrap) > .wp-block-kadence-column{justify-content:start;}.kb-row-layout-id58_32b882-f8 > .kt-row-column-wrap{column-gap:var(--global-kb-gap-md, 2rem);row-gap:var(--global-kb-gap-md, 2rem);max-width:1200px;padding-top:160px;padding-bottom:260px;grid-template-columns:repeat(2, minmax(0, 1fr));}.kb-row-layout-id58_32b882-f8{background-image:url('https:\/\/dekoot.com\/wp-content\/uploads\/2024\/01\/comprar-cuadros-estilo-picaso-banner.jpg');background-size:cover;background-position:center center;background-attachment:scroll;background-repeat:no-repeat;}.kb-row-layout-id58_32b882-f8 > .kt-row-layout-overlay{opacity:0.30;}@media all and (max-width: 1024px){.kb-row-layout-id58_32b882-f8 > .kt-row-column-wrap{grid-template-columns:repeat(2, minmax(0, 1fr));}}@media all and (max-width: 767px){.kb-row-layout-id58_32b882-f8 > .kt-row-column-wrap{grid-template-columns:minmax(0, 1fr);}}<\/style><div class=\"kb-row-layout-wrap kb-row-layout-id58_32b882-f8 alignfull kt-row-has-bg wp-block-kadence-rowlayout\"><div class=\"kt-row-column-wrap kt-has-2-columns kt-row-layout-equal kt-tab-layout-inherit kt-mobile-layout-row kt-row-valign-top kb-theme-content-width\">\n<style>.kadence-column58_581298-e8 > .kt-inside-inner-col{padding-top:var(--global-kb-spacing-xs, 1rem);padding-right:var(--global-kb-spacing-xs, 1rem);padding-bottom:var(--global-kb-spacing-xs, 1rem);padding-left:var(--global-kb-spacing-xs, 1rem);}.kadence-column58_581298-e8 > .kt-inside-inner-col,.kadence-column58_581298-e8 > .kt-inside-inner-col:before{border-top-left-radius:0px;border-top-right-radius:0px;border-bottom-right-radius:0px;border-bottom-left-radius:0px;}.kadence-column58_581298-e8 > .kt-inside-inner-col{column-gap:var(--global-kb-gap-sm, 1rem);}.kadence-column58_581298-e8 > .kt-inside-inner-col{flex-direction:column;}.kadence-column58_581298-e8 > .kt-inside-inner-col > .aligncenter{width:100%;}.kadence-column58_581298-e8 > .kt-inside-inner-col:before{opacity:0.3;background-color:#000000;}.kadence-column58_581298-e8{position:relative;}@media all and (max-width: 1024px){.kadence-column58_581298-e8 > .kt-inside-inner-col{flex-direction:column;justify-content:center;}}@media all and (max-width: 767px){.kadence-column58_581298-e8 > .kt-inside-inner-col{flex-direction:column;justify-content:center;}}<\/style>\n<div class=\"wp-block-kadence-column kadence-column58_581298-e8 kb-section-has-overlay\"><div class=\"kt-inside-inner-col\"><style>.wp-block-kadence-advancedheading.kt-adv-heading58_c9474b-41, .wp-block-kadence-advancedheading.kt-adv-heading58_c9474b-41[data-kb-block=\"kb-adv-heading58_c9474b-41\"]{font-size:var(--global-kb-font-size-xxl, 4rem);font-style:normal;text-shadow:1px 1px 1px #000000;}.wp-block-kadence-advancedheading.kt-adv-heading58_c9474b-41 mark.kt-highlight, .wp-block-kadence-advancedheading.kt-adv-heading58_c9474b-41[data-kb-block=\"kb-adv-heading58_c9474b-41\"] mark.kt-highlight{font-style:normal;color:#f76a0c;-webkit-box-decoration-break:clone;box-decoration-break:clone;padding-top:0px;padding-right:0px;padding-bottom:0px;padding-left:0px;}.wp-block-kadence-advancedheading.kt-adv-heading58_c9474b-41 img.kb-inline-image, .wp-block-kadence-advancedheading.kt-adv-heading58_c9474b-41[data-kb-block=\"kb-adv-heading58_c9474b-41\"] img.kb-inline-image{width:150px;vertical-align:baseline;}@media all and (max-width: 1024px){.wp-block-kadence-advancedheading.kt-adv-heading58_c9474b-41, .wp-block-kadence-advancedheading.kt-adv-heading58_c9474b-41[data-kb-block=\"kb-adv-heading58_c9474b-41\"]{text-shadow:1px 1px 1px #000000;}}@media all and (max-width: 767px){.wp-block-kadence-advancedheading.kt-adv-heading58_c9474b-41, .wp-block-kadence-advancedheading.kt-adv-heading58_c9474b-41[data-kb-block=\"kb-adv-heading58_c9474b-41\"]{text-shadow:1px 1px 1px #000000;}}<\/style>\n<h1 class=\"kt-adv-heading58_c9474b-41 wp-block-kadence-advancedheading has-white-color has-text-color\" data-kb-block=\"kb-adv-heading58_c9474b-41\">Pinturas estilo Picasso<\/h1>\n<\/div><\/div>\n\n\n<style>.kadence-column58_f02481-0b > .kt-inside-inner-col,.kadence-column58_f02481-0b > .kt-inside-inner-col:before{border-top-left-radius:0px;border-top-right-radius:0px;border-bottom-right-radius:0px;border-bottom-left-radius:0px;}.kadence-column58_f02481-0b > .kt-inside-inner-col{column-gap:var(--global-kb-gap-sm, 1rem);}.kadence-column58_f02481-0b > .kt-inside-inner-col{flex-direction:column;}.kadence-column58_f02481-0b > .kt-inside-inner-col > .aligncenter{width:100%;}.kadence-column58_f02481-0b > .kt-inside-inner-col:before{opacity:0.3;}.kadence-column58_f02481-0b{position:relative;}@media all and (max-width: 1024px){.kadence-column58_f02481-0b > .kt-inside-inner-col{flex-direction:column;justify-content:center;}}@media all and (max-width: 767px){.kadence-column58_f02481-0b > .kt-inside-inner-col{flex-direction:column;justify-content:center;}}<\/style>\n<div class=\"wp-block-kadence-column kadence-column58_f02481-0b\"><div class=\"kt-inside-inner-col\"><\/div><\/div>\n\n<\/div><\/div>\n<h2 class=\"wp-block-heading\">Explore o legado art\u00edstico de Pablo Picasso<\/h2>\n\n<p>Mergulhe no fascinante mundo art\u00edstico de Pablo Picasso, um vision\u00e1rio que deixou uma marca indel\u00e9vel na hist\u00f3ria da arte. Conhecido pela sua versatilidade e criatividade, Picasso influenciou gera\u00e7\u00f5es com o seu estilo \u00fanico e as suas contribui\u00e7\u00f5es revolucion\u00e1rias. Descubra como as suas pinturas transcendem o tempo, captando a ess\u00eancia de diferentes per\u00edodos e movimentos art\u00edsticos.<\/p>\n\n<h2 class=\"wp-block-heading\">Estilo e t\u00e9cnicas nas pinturas de Picasso<\/h2>\n\n<p>Nas suas obras, Picasso experimentou uma vasta gama de estilos e t\u00e9cnicas, mas foi o cubismo que o catapultou para a fama. O cubismo, uma revolu\u00e7\u00e3o visual que rompe com as formas tradicionais, permite ao espetador ver o objeto a partir de m\u00faltiplas perspectivas simult\u00e2neas. Iremos explorar a forma como esta t\u00e9cnica inovadora influenciou as suas pinturas, criando composi\u00e7\u00f5es din\u00e2micas que desafiam as conven\u00e7\u00f5es art\u00edsticas.<\/p>\n\n<div class=\"wp-block-columns is-layout-flex wp-container-core-columns-is-layout-9d6595d7 wp-block-columns-is-layout-flex\">\n<div class=\"wp-block-column is-layout-flow wp-block-column-is-layout-flow\" style=\"flex-basis:33%\"><div class=\"wp-block-image\">\n<figure class=\"aligncenter size-full\"><img loading=\"lazy\" decoding=\"async\" width=\"250\" height=\"292\" src=\"https:\/\/dekoot.com\/wp-content\/uploads\/2024\/02\/Pablo-Picasso-author.jpg\" alt=\"Pablo Picasso author\" class=\"wp-image-572\" title=\"\"><\/figure>\n<\/div><\/div>\n\n\n\n<div class=\"wp-block-column is-layout-flow wp-block-column-is-layout-flow\">\n<h2 class=\"wp-block-heading\">An\u00e1lise das fases art\u00edsticas de Picasso<\/h2>\n\n\n\n<p>A carreira de Picasso abrange v\u00e1rias fases, desde o per\u00edodo azul at\u00e9 ao surrealismo. Cada fase revela uma evolu\u00e7\u00e3o art\u00edstica \u00fanica e uma explora\u00e7\u00e3o cont\u00ednua da forma e do conte\u00fado. Analisaremos as caracter\u00edsticas distintivas de cada per\u00edodo, permitindo-lhe compreender a riqueza e a complexidade do percurso art\u00edstico de Picasso.<\/p>\n<\/div>\n<\/div>\n\n<h3 class=\"wp-block-heading\">Per\u00edodo Azul (1901-1904)<\/h3>\n\n<p>Nesta fase, Picasso utilizou predominantemente os tons azuis para representar cenas melanc\u00f3licas dos pobres e marginalizados. Obras como &#8220;Vida&#8221; e os retratos de &#8220;Celestina&#8221; mostram esta influ\u00eancia da Arte Nova.<\/p>\n\n<h3 class=\"wp-block-heading\">Per\u00edodo Rosa (1904-1906)<\/h3>\n\n<p>As cores rosa e pastel dominam as obras de Picasso durante estes anos. H\u00e1 mais alegria e luminosidade em quadros como &#8220;Fam\u00edlia de Saltimbanquis&#8221; ou &#8220;Duas Irm\u00e3s&#8221;. O cubismo come\u00e7a a ganhar forma.<\/p>\n\n<h3 class=\"wp-block-heading\">Cubismo (1907-1920)<\/h3>\n\n<p>Picasso e Braque criaram o cubismo, fragmentando a realidade em planos geom\u00e9tricos. Obras emblem\u00e1ticas s\u00e3o &#8220;Les Demoiselles d&#8217;Avignon&#8221;, com figuras angulares, e &#8220;Natureza morta com uma cadeira de grelha&#8221;, de 1912.<\/p>\n\n<h3 class=\"wp-block-heading\">Neoclasicismo (1920-1925)<\/h3>\n\n<p>Influenciado pela est\u00e9tica cl\u00e1ssica grega e romana, Picasso reduziu a abstra\u00e7\u00e3o em obras mais realistas e harmoniosas, como &#8220;Mulheres a correr na praia&#8221; e os seus retratos de Olga Koklova.<\/p>\n\n<h3 class=\"wp-block-heading\">Surrealismo (1925-1937)<\/h3>\n\n<p>Picasso aborda o surrealismo com imagens irracionais e on\u00edricas, como em &#8220;O Jovem&#8221; e &#8220;O Violino&#8221;, da d\u00e9cada de 1930. Utilizar o subconsciente como inspira\u00e7\u00e3o para criar formas h\u00edbridas.<\/p>\n\n<h2 class=\"wp-block-heading\">A Revolu\u00e7\u00e3o do Cubismo.<\/h2>\n\n<p>O cubismo, concebido por Picasso e Georges Braque, marcou uma revolu\u00e7\u00e3o na forma de representar a realidade art\u00edstica. Ao decompor as formas em fragmentos geom\u00e9tricos, Picasso conseguiu uma representa\u00e7\u00e3o mais completa e abstrata da realidade. Esta abordagem desafiante e inovadora n\u00e3o s\u00f3 influenciou os seus contempor\u00e2neos, como tamb\u00e9m lan\u00e7ou as bases para futuros movimentos art\u00edsticos.<\/p>\n\n<h2 class=\"wp-block-heading\">A influ\u00eancia de Picasso na arte contempor\u00e2nea<\/h2>\n\n<p>A influ\u00eancia de Picasso estende-se para al\u00e9m do seu tempo, repercutindo-se na arte contempor\u00e2nea. Artistas de todo o mundo continuam a inspirar-se na sua abordagem inovadora e na sua experimenta\u00e7\u00e3o corajosa. Iremos explorar a forma como a vis\u00e3o disruptiva de Picasso moldou a criatividade das gera\u00e7\u00f5es posteriores, influenciando os movimentos art\u00edsticos actuais.<\/p>\n\n<h2 class=\"wp-block-heading\">Inspira\u00e7\u00e3o para decorar com quadros de Picasso<\/h2>\n\n<p>A incorpora\u00e7\u00e3o de quadros de Picasso na decora\u00e7\u00e3o de interiores pode transformar um espa\u00e7o. Ofereceremos inspira\u00e7\u00e3o e sugest\u00f5es de design para integrar estas pe\u00e7as ic\u00f3nicas na sua casa. Descubra como a arte de Picasso pode ser o elemento central de um ambiente elegante e expressivo.<\/p>\n\n<h3 class=\"wp-block-heading\">Moldura com cores contrastanten<\/h3>\n\n<p>Para as fazer sobressair, escolha molduras em tons complementares aos do quadro. Por exemplo, laranja para quadrados azuis.<\/p>\n\n<h3 class=\"wp-block-heading\">Criar uma galeria de arte<\/h3>\n\n<p>Re\u00fane reprodu\u00e7\u00f5es de diferentes per\u00edodos art\u00edsticos de Picasso para apresentar uma variedade de estilos cubistas, surrealistas e cl\u00e1ssicos.<\/p>\n\n<h3 class=\"wp-block-heading\">Complementado com mobili\u00e1rio de \u00e9poca<\/h3>\n\n<p>Os m\u00f3veis Art D\u00e9co ou pop art combinam na perfei\u00e7\u00e3o com o estilo de Picasso para um ambiente modernista.<\/p>\n\n<h3 class=\"wp-block-heading\">Ousar com espa\u00e7os pequenos<\/h3>\n\n<p>As pinturas coloridas e geom\u00e9tricas de Picasso v\u00e3o animar cozinhas, casas de banho ou pequenos est\u00fadios.<\/p>\n","protected":false},"excerpt":{"rendered":"<p>Pinturas estilo Picasso Explore o legado art\u00edstico de Pablo Picasso Mergulhe no fascinante mundo art\u00edstico de Pablo Picasso, um vision\u00e1rio que deixou uma marca indel\u00e9vel na hist\u00f3ria da arte. Conhecido pela sua versatilidade e criatividade, Picasso influenciou gera\u00e7\u00f5es com o seu estilo \u00fanico e as suas contribui\u00e7\u00f5es revolucion\u00e1rias. Descubra como as suas pinturas transcendem o [&hellip;]<\/p>\n","protected":false},"author":1,"featured_media":345,"parent":0,"menu_order":0,"comment_status":"closed","ping_status":"closed","template":"","meta":{"ocean_post_layout":"","ocean_both_sidebars_style":"","ocean_both_sidebars_content_width":0,"ocean_both_sidebars_sidebars_width":0,"ocean_sidebar":"","ocean_second_sidebar":"","ocean_disable_margins":"on","ocean_add_body_class":"","ocean_shortcode_before_top_bar":"","ocean_shortcode_after_top_bar":"","ocean_shortcode_before_header":"","ocean_shortcode_after_header":"","ocean_has_shortcode":"","ocean_shortcode_after_title":"","ocean_shortcode_before_footer_widgets":"","ocean_shortcode_after_footer_widgets":"","ocean_shortcode_before_footer_bottom":"","ocean_shortcode_after_footer_bottom":"","ocean_display_top_bar":"default","ocean_display_header":"default","ocean_header_style":"","ocean_center_header_left_menu":"","ocean_custom_header_template":"","ocean_custom_logo":0,"ocean_custom_retina_logo":0,"ocean_custom_logo_max_width":0,"ocean_custom_logo_tablet_max_width":0,"ocean_custom_logo_mobile_max_width":0,"ocean_custom_logo_max_height":0,"ocean_custom_logo_tablet_max_height":0,"ocean_custom_logo_mobile_max_height":0,"ocean_header_custom_menu":"","ocean_menu_typo_font_family":"","ocean_menu_typo_font_subset":"","ocean_menu_typo_font_size":0,"ocean_menu_typo_font_size_tablet":0,"ocean_menu_typo_font_size_mobile":0,"ocean_menu_typo_font_size_unit":"px","ocean_menu_typo_font_weight":"","ocean_menu_typo_font_weight_tablet":"","ocean_menu_typo_font_weight_mobile":"","ocean_menu_typo_transform":"","ocean_menu_typo_transform_tablet":"","ocean_menu_typo_transform_mobile":"","ocean_menu_typo_line_height":0,"ocean_menu_typo_line_height_tablet":0,"ocean_menu_typo_line_height_mobile":0,"ocean_menu_typo_line_height_unit":"","ocean_menu_typo_spacing":0,"ocean_menu_typo_spacing_tablet":0,"ocean_menu_typo_spacing_mobile":0,"ocean_menu_typo_spacing_unit":"","ocean_menu_link_color":"","ocean_menu_link_color_hover":"","ocean_menu_link_color_active":"","ocean_menu_link_background":"","ocean_menu_link_hover_background":"","ocean_menu_link_active_background":"","ocean_menu_social_links_bg":"","ocean_menu_social_hover_links_bg":"","ocean_menu_social_links_color":"","ocean_menu_social_hover_links_color":"","ocean_disable_title":"default","ocean_disable_heading":"default","ocean_post_title":"","ocean_post_subheading":"","ocean_post_title_style":"","ocean_post_title_background_color":"","ocean_post_title_background":0,"ocean_post_title_bg_image_position":"","ocean_post_title_bg_image_attachment":"","ocean_post_title_bg_image_repeat":"","ocean_post_title_bg_image_size":"","ocean_post_title_height":0,"ocean_post_title_bg_overlay":0.5,"ocean_post_title_bg_overlay_color":"","ocean_disable_breadcrumbs":"default","ocean_breadcrumbs_color":"","ocean_breadcrumbs_separator_color":"","ocean_breadcrumbs_links_color":"","ocean_breadcrumbs_links_hover_color":"","ocean_display_footer_widgets":"default","ocean_display_footer_bottom":"default","ocean_custom_footer_template":"","footnotes":""},"class_list":["post-509","page","type-page","status-publish","has-post-thumbnail","hentry","entry","has-media","owp-thumbs-layout-vertical","owp-btn-normal","owp-tabs-layout-vertical","has-no-thumbnails","has-product-nav"],"_links":{"self":[{"href":"https:\/\/dekoot.com\/pt-pt\/wp-json\/wp\/v2\/pages\/509","targetHints":{"allow":["GET"]}}],"collection":[{"href":"https:\/\/dekoot.com\/pt-pt\/wp-json\/wp\/v2\/pages"}],"about":[{"href":"https:\/\/dekoot.com\/pt-pt\/wp-json\/wp\/v2\/types\/page"}],"author":[{"embeddable":true,"href":"https:\/\/dekoot.com\/pt-pt\/wp-json\/wp\/v2\/users\/1"}],"replies":[{"embeddable":true,"href":"https:\/\/dekoot.com\/pt-pt\/wp-json\/wp\/v2\/comments?post=509"}],"version-history":[{"count":2,"href":"https:\/\/dekoot.com\/pt-pt\/wp-json\/wp\/v2\/pages\/509\/revisions"}],"predecessor-version":[{"id":585,"href":"https:\/\/dekoot.com\/pt-pt\/wp-json\/wp\/v2\/pages\/509\/revisions\/585"}],"wp:featuredmedia":[{"embeddable":true,"href":"https:\/\/dekoot.com\/pt-pt\/wp-json\/wp\/v2\/media\/345"}],"wp:attachment":[{"href":"https:\/\/dekoot.com\/pt-pt\/wp-json\/wp\/v2\/media?parent=509"}],"curies":[{"name":"wp","href":"https:\/\/api.w.org\/{rel}","templated":true}]}}