{"id":507,"date":"2024-01-05T11:59:47","date_gmt":"2024-01-05T10:59:47","guid":{"rendered":"https:\/\/dekoot.com\/quadros-para-sala-de-estar\/"},"modified":"2024-02-11T14:52:23","modified_gmt":"2024-02-11T13:52:23","slug":"quadros-para-sala-de-estar","status":"publish","type":"page","link":"https:\/\/dekoot.com\/pt-pt\/quadros-para-sala-de-estar\/","title":{"rendered":"Quadros para sala de estar"},"content":{"rendered":"<style>.kb-row-layout-wrap.wp-block-kadence-rowlayout.kb-row-layout-id60_ace184-6b{margin-bottom:80px;}.kb-row-layout-id60_ace184-6b > .kt-row-column-wrap{align-content:start;}:where(.kb-row-layout-id60_ace184-6b > .kt-row-column-wrap) > .wp-block-kadence-column{justify-content:start;}.kb-row-layout-id60_ace184-6b > .kt-row-column-wrap{column-gap:var(--global-kb-gap-md, 2rem);row-gap:var(--global-kb-gap-md, 2rem);max-width:1200px;padding-top:160px;padding-bottom:260px;grid-template-columns:repeat(2, minmax(0, 1fr));}.kb-row-layout-id60_ace184-6b{background-image:url('https:\/\/dekoot.com\/wp-content\/uploads\/2024\/01\/comprar-cuadros-comedor-banner.jpg');background-size:cover;background-position:56.00000000000001% 88%;background-attachment:scroll;background-repeat:no-repeat;}.kb-row-layout-id60_ace184-6b > .kt-row-layout-overlay{opacity:0.30;}@media all and (max-width: 1024px){.kb-row-layout-id60_ace184-6b > .kt-row-column-wrap{grid-template-columns:repeat(2, minmax(0, 1fr));}}@media all and (max-width: 767px){.kb-row-layout-id60_ace184-6b > .kt-row-column-wrap{grid-template-columns:minmax(0, 1fr);}}<\/style><div class=\"kb-row-layout-wrap kb-row-layout-id60_ace184-6b alignfull kt-row-has-bg wp-block-kadence-rowlayout\"><div class=\"kt-row-column-wrap kt-has-2-columns kt-row-layout-equal kt-tab-layout-inherit kt-mobile-layout-row kt-row-valign-top kb-theme-content-width\">\n<style>.kadence-column60_0bb957-41 > .kt-inside-inner-col{padding-top:var(--global-kb-spacing-xs, 1rem);padding-right:var(--global-kb-spacing-xs, 1rem);padding-bottom:var(--global-kb-spacing-xs, 1rem);padding-left:var(--global-kb-spacing-xs, 1rem);}.kadence-column60_0bb957-41 > .kt-inside-inner-col,.kadence-column60_0bb957-41 > .kt-inside-inner-col:before{border-top-left-radius:0px;border-top-right-radius:0px;border-bottom-right-radius:0px;border-bottom-left-radius:0px;}.kadence-column60_0bb957-41 > .kt-inside-inner-col{column-gap:var(--global-kb-gap-sm, 1rem);}.kadence-column60_0bb957-41 > .kt-inside-inner-col{flex-direction:column;}.kadence-column60_0bb957-41 > .kt-inside-inner-col > .aligncenter{width:100%;}.kadence-column60_0bb957-41 > .kt-inside-inner-col:before{opacity:0.3;background-color:#000000;}.kadence-column60_0bb957-41{position:relative;}@media all and (max-width: 1024px){.kadence-column60_0bb957-41 > .kt-inside-inner-col{flex-direction:column;justify-content:center;}}@media all and (max-width: 767px){.kadence-column60_0bb957-41 > .kt-inside-inner-col{flex-direction:column;justify-content:center;}}<\/style>\n<div class=\"wp-block-kadence-column kadence-column60_0bb957-41 kb-section-has-overlay\"><div class=\"kt-inside-inner-col\"><style>.wp-block-kadence-advancedheading.kt-adv-heading60_189d6c-60, .wp-block-kadence-advancedheading.kt-adv-heading60_189d6c-60[data-kb-block=\"kb-adv-heading60_189d6c-60\"]{font-size:var(--global-kb-font-size-xxl, 4rem);font-style:normal;text-shadow:1px 1px 1px #000000;}.wp-block-kadence-advancedheading.kt-adv-heading60_189d6c-60 mark.kt-highlight, .wp-block-kadence-advancedheading.kt-adv-heading60_189d6c-60[data-kb-block=\"kb-adv-heading60_189d6c-60\"] mark.kt-highlight{font-style:normal;color:#f76a0c;-webkit-box-decoration-break:clone;box-decoration-break:clone;padding-top:0px;padding-right:0px;padding-bottom:0px;padding-left:0px;}.wp-block-kadence-advancedheading.kt-adv-heading60_189d6c-60 img.kb-inline-image, .wp-block-kadence-advancedheading.kt-adv-heading60_189d6c-60[data-kb-block=\"kb-adv-heading60_189d6c-60\"] img.kb-inline-image{width:150px;vertical-align:baseline;}@media all and (max-width: 1024px){.wp-block-kadence-advancedheading.kt-adv-heading60_189d6c-60, .wp-block-kadence-advancedheading.kt-adv-heading60_189d6c-60[data-kb-block=\"kb-adv-heading60_189d6c-60\"]{text-shadow:1px 1px 1px #000000;}}@media all and (max-width: 767px){.wp-block-kadence-advancedheading.kt-adv-heading60_189d6c-60, .wp-block-kadence-advancedheading.kt-adv-heading60_189d6c-60[data-kb-block=\"kb-adv-heading60_189d6c-60\"]{text-shadow:1px 1px 1px #000000;}}<\/style>\n<h1 class=\"kt-adv-heading60_189d6c-60 wp-block-kadence-advancedheading has-white-color has-text-color\" data-kb-block=\"kb-adv-heading60_189d6c-60\">Quadros para sala de estar<\/h1>\n<\/div><\/div>\n\n\n<style>.kadence-column60_c704f4-4e > .kt-inside-inner-col,.kadence-column60_c704f4-4e > .kt-inside-inner-col:before{border-top-left-radius:0px;border-top-right-radius:0px;border-bottom-right-radius:0px;border-bottom-left-radius:0px;}.kadence-column60_c704f4-4e > .kt-inside-inner-col{column-gap:var(--global-kb-gap-sm, 1rem);}.kadence-column60_c704f4-4e > .kt-inside-inner-col{flex-direction:column;}.kadence-column60_c704f4-4e > .kt-inside-inner-col > .aligncenter{width:100%;}.kadence-column60_c704f4-4e > .kt-inside-inner-col:before{opacity:0.3;}.kadence-column60_c704f4-4e{position:relative;}@media all and (max-width: 1024px){.kadence-column60_c704f4-4e > .kt-inside-inner-col{flex-direction:column;justify-content:center;}}@media all and (max-width: 767px){.kadence-column60_c704f4-4e > .kt-inside-inner-col{flex-direction:column;justify-content:center;}}<\/style>\n<div class=\"wp-block-kadence-column kadence-column60_c704f4-4e\"><div class=\"kt-inside-inner-col\"><\/div><\/div>\n\n<\/div><\/div>\n<p>Decorar a sua sala de estar com quadros \u00e9 uma forma excecional de dar personalidade e estilo \u00e0 sua casa; Na nossa vasta sele\u00e7\u00e3o, encontrar\u00e1 op\u00e7\u00f5es para todos os gostos, desde pe\u00e7as modernas a pe\u00e7as cl\u00e1ssicas.<\/p>\n\n<h2 class=\"wp-block-heading\">Encontrar a harmonia perfeita<\/h2>\n\n<p>Ao escolher quadros para a sua sala de estar, procure a harmonia perfeita com o estilo e a paleta de cores existentes. Considere pe\u00e7as que reflictam a sua personalidade e criem uma atmosfera acolhedora.<\/p>\n\n<h3 class=\"wp-block-heading\">Quadros modernos para a sala de estar<\/h3>\n\n<p>Mergulhe na modernidade com a nossa cole\u00e7\u00e3o de pinturas contempor\u00e2neas. Estas obras de arte n\u00e3o s\u00f3 dar\u00e3o um toque vanguardista, como tamb\u00e9m ser\u00e3o o centro das aten\u00e7\u00f5es na sua sala de estar.<\/p>\n\n<p>Explore a nossa galeria e descubra op\u00e7\u00f5es que v\u00e3o desde abstrac\u00e7\u00f5es coloridas a obras minimalistas que se adequam \u00e0 sua est\u00e9tica \u00fanica.<\/p>\n\n<h2 class=\"wp-block-heading\">Dicas de decora\u00e7\u00e3o de especialistas<\/h2>\n\n<p>Decidir que quadro colocar onde pode ser complicado. Os nossos especialistas em decora\u00e7\u00e3o d\u00e3o-lhe dicas valiosas para maximizar o impacto visual.<\/p>\n\n<h2 class=\"wp-block-heading\">Transforme o seu espa\u00e7o com Arte Contempor\u00e2nea<\/h2>\n\n<p>A arte contempor\u00e2nea tem o poder de transformar completamente um espa\u00e7o. Descubra como selecionar obras que se integrem perfeitamente na sua sala de estar, dando-lhe um toque fresco e moderno.<\/p>\n\n<h2 class=\"wp-block-heading\">Sele\u00e7\u00e3o do trabalho ideal<\/h2>\n\n<div class=\"wp-block-columns is-layout-flex wp-container-core-columns-is-layout-9d6595d7 wp-block-columns-is-layout-flex\">\n<div class=\"wp-block-column is-layout-flow wp-block-column-is-layout-flow\">\n<h3 class=\"wp-block-heading\">Tamanho e propor\u00e7\u00f5es<\/h3>\n\n\n\n<p>A sele\u00e7\u00e3o do tamanho certo \u00e9 crucial. Saiba como equilibrar as propor\u00e7\u00f5es da sua sala de estar com quadros que n\u00e3o sejam nem demasiado pequenos nem demasiado grandes.<\/p>\n<\/div>\n\n\n\n<div class=\"wp-block-column is-layout-flow wp-block-column-is-layout-flow\">\n<h3 class=\"wp-block-heading\">Cores que complementam a sua sala de estar<\/h3>\n\n\n\n<p>A escolha das cores \u00e9 essencial. Descubra como selecionar tons que se harmonizem com a paleta existente, criando uma atmosfera coesa e agrad\u00e1vel.<\/p>\n<\/div>\n<\/div>\n\n<h2 class=\"wp-block-heading\">Personalize o seu sal\u00e3o com Unique Art<\/h2>\n\n<div class=\"wp-block-columns is-layout-flex wp-container-core-columns-is-layout-9d6595d7 wp-block-columns-is-layout-flex\">\n<div class=\"wp-block-column is-layout-flow wp-block-column-is-layout-flow\">\n<h3 class=\"wp-block-heading\">Encomendas personalizadas<\/h3>\n\n\n\n<p>D\u00ea um toque pessoal \u00e0 sua sala de estar com quadros personalizados. Descubra como encomendar obras que se adequem ao seu estilo e reflictam os seus gostos e experi\u00eancias \u00fanicos.<\/p>\n<\/div>\n\n\n\n<div class=\"wp-block-column is-layout-flow wp-block-column-is-layout-flow\">\n<h3 class=\"wp-block-heading\">Incorpora\u00e7\u00e3o da fotografia art\u00edstica<\/h3>\n\n\n\n<p>A fotografia art\u00edstica \u00e9 uma op\u00e7\u00e3o \u00fanica para personalizar o seu espa\u00e7o. Explore a forma de integrar imagens significativas e capturas \u00fanicas que fazem do seu sal\u00e3o um local verdadeiramente especial.<\/p>\n<\/div>\n<\/div>\n\n<h2 class=\"wp-block-heading\">Cuidados e manuten\u00e7\u00e3o das suas obras<\/h2>\n\n<p>Certifique-se de que mant\u00e9m as suas arma\u00e7\u00f5es em perfeitas condi\u00e7\u00f5es com as nossas dicas de cuidados e manuten\u00e7\u00e3o. Da limpeza \u00e0 prote\u00e7\u00e3o contra a luz, oferecemos-lhe orienta\u00e7\u00f5es para preservar a sua arte durante anos.<\/p>\n\n<h2 class=\"wp-block-heading\">Inspira\u00e7\u00e3o para estilos de salas de estar<\/h2>\n\n<p>Descubra ideias inspiradoras para diferentes estilos de salas de estar. De ambientes minimalistas a decora\u00e7\u00f5es ecl\u00e9cticas, damos-lhe sugest\u00f5es para adaptar a arte ao seu estilo espec\u00edfico.<\/p>\n\n<p>Transforme a sua sala de estar num espa\u00e7o \u00fanico com a escolha perfeita de quadros que reflectem a sua personalidade e estilo de vida!<\/p>\n","protected":false},"excerpt":{"rendered":"<p>Quadros para sala de estar Decorar a sua sala de estar com quadros \u00e9 uma forma excecional de dar personalidade e estilo \u00e0 sua casa; Na nossa vasta sele\u00e7\u00e3o, encontrar\u00e1 op\u00e7\u00f5es para todos os gostos, desde pe\u00e7as modernas a pe\u00e7as cl\u00e1ssicas. Encontrar a harmonia perfeita Ao escolher quadros para a sua sala de estar, procure [&hellip;]<\/p>\n","protected":false},"author":1,"featured_media":349,"parent":0,"menu_order":0,"comment_status":"closed","ping_status":"closed","template":"","meta":{"ocean_post_layout":"","ocean_both_sidebars_style":"","ocean_both_sidebars_content_width":0,"ocean_both_sidebars_sidebars_width":0,"ocean_sidebar":"","ocean_second_sidebar":"","ocean_disable_margins":"enable","ocean_add_body_class":"","ocean_shortcode_before_top_bar":"","ocean_shortcode_after_top_bar":"","ocean_shortcode_before_header":"","ocean_shortcode_after_header":"","ocean_has_shortcode":"","ocean_shortcode_after_title":"","ocean_shortcode_before_footer_widgets":"","ocean_shortcode_after_footer_widgets":"","ocean_shortcode_before_footer_bottom":"","ocean_shortcode_after_footer_bottom":"","ocean_display_top_bar":"default","ocean_display_header":"default","ocean_header_style":"","ocean_center_header_left_menu":"","ocean_custom_header_template":"","ocean_custom_logo":0,"ocean_custom_retina_logo":0,"ocean_custom_logo_max_width":0,"ocean_custom_logo_tablet_max_width":0,"ocean_custom_logo_mobile_max_width":0,"ocean_custom_logo_max_height":0,"ocean_custom_logo_tablet_max_height":0,"ocean_custom_logo_mobile_max_height":0,"ocean_header_custom_menu":"","ocean_menu_typo_font_family":"","ocean_menu_typo_font_subset":"","ocean_menu_typo_font_size":0,"ocean_menu_typo_font_size_tablet":0,"ocean_menu_typo_font_size_mobile":0,"ocean_menu_typo_font_size_unit":"px","ocean_menu_typo_font_weight":"","ocean_menu_typo_font_weight_tablet":"","ocean_menu_typo_font_weight_mobile":"","ocean_menu_typo_transform":"","ocean_menu_typo_transform_tablet":"","ocean_menu_typo_transform_mobile":"","ocean_menu_typo_line_height":0,"ocean_menu_typo_line_height_tablet":0,"ocean_menu_typo_line_height_mobile":0,"ocean_menu_typo_line_height_unit":"","ocean_menu_typo_spacing":0,"ocean_menu_typo_spacing_tablet":0,"ocean_menu_typo_spacing_mobile":0,"ocean_menu_typo_spacing_unit":"","ocean_menu_link_color":"","ocean_menu_link_color_hover":"","ocean_menu_link_color_active":"","ocean_menu_link_background":"","ocean_menu_link_hover_background":"","ocean_menu_link_active_background":"","ocean_menu_social_links_bg":"","ocean_menu_social_hover_links_bg":"","ocean_menu_social_links_color":"","ocean_menu_social_hover_links_color":"","ocean_disable_title":"default","ocean_disable_heading":"default","ocean_post_title":"","ocean_post_subheading":"","ocean_post_title_style":"","ocean_post_title_background_color":"","ocean_post_title_background":0,"ocean_post_title_bg_image_position":"","ocean_post_title_bg_image_attachment":"","ocean_post_title_bg_image_repeat":"","ocean_post_title_bg_image_size":"","ocean_post_title_height":0,"ocean_post_title_bg_overlay":0.5,"ocean_post_title_bg_overlay_color":"","ocean_disable_breadcrumbs":"default","ocean_breadcrumbs_color":"","ocean_breadcrumbs_separator_color":"","ocean_breadcrumbs_links_color":"","ocean_breadcrumbs_links_hover_color":"","ocean_display_footer_widgets":"default","ocean_display_footer_bottom":"default","ocean_custom_footer_template":"","footnotes":""},"class_list":["post-507","page","type-page","status-publish","has-post-thumbnail","hentry","entry","has-media","owp-thumbs-layout-vertical","owp-btn-normal","owp-tabs-layout-vertical","has-no-thumbnails","has-product-nav"],"_links":{"self":[{"href":"https:\/\/dekoot.com\/pt-pt\/wp-json\/wp\/v2\/pages\/507","targetHints":{"allow":["GET"]}}],"collection":[{"href":"https:\/\/dekoot.com\/pt-pt\/wp-json\/wp\/v2\/pages"}],"about":[{"href":"https:\/\/dekoot.com\/pt-pt\/wp-json\/wp\/v2\/types\/page"}],"author":[{"embeddable":true,"href":"https:\/\/dekoot.com\/pt-pt\/wp-json\/wp\/v2\/users\/1"}],"replies":[{"embeddable":true,"href":"https:\/\/dekoot.com\/pt-pt\/wp-json\/wp\/v2\/comments?post=507"}],"version-history":[{"count":1,"href":"https:\/\/dekoot.com\/pt-pt\/wp-json\/wp\/v2\/pages\/507\/revisions"}],"predecessor-version":[{"id":508,"href":"https:\/\/dekoot.com\/pt-pt\/wp-json\/wp\/v2\/pages\/507\/revisions\/508"}],"wp:featuredmedia":[{"embeddable":true,"href":"https:\/\/dekoot.com\/pt-pt\/wp-json\/wp\/v2\/media\/349"}],"wp:attachment":[{"href":"https:\/\/dekoot.com\/pt-pt\/wp-json\/wp\/v2\/media?parent=507"}],"curies":[{"name":"wp","href":"https:\/\/api.w.org\/{rel}","templated":true}]}}